{"id":4421,"date":"2021-09-28T13:58:57","date_gmt":"2021-09-28T10:58:57","guid":{"rendered":"https:\/\/hostedbydaniela.fi\/?page_id=4421"},"modified":"2025-06-10T13:01:10","modified_gmt":"2025-06-10T10:01:10","slug":"tietosuojaseloste","status":"publish","type":"page","link":"https:\/\/hostedbydaniela.fi\/fi\/tietosuojaseloste\/","title":{"rendered":"Tietosuojaseloste"},"content":{"rendered":"\n<p><strong>1. Rekisterinpit\u00e4j\u00e4<\/strong><br>For Food Sake Oy<br>Y-tunnus: 3191131-7<\/p>\n\n\n\n<p>Puh: 0406755845<\/p>\n\n\n\n<p>Hillapolku 2 B 9<br>96500 ROVANIEMI<br>FINLAND<\/p>\n\n\n\n<p><strong>2. Yhteyshenkil\u00f6 rekisteri\u00e4 koskevissa asioissa<\/strong><br>Daniela Culley<\/p>\n\n\n\n<p>Puh: 0406755845<\/p>\n\n\n\n<p>hostedbydaniela@gmail.com<\/p>\n\n\n\n<p><strong>3. Rekisterin nimi<\/strong><br>Markkinointi- ja analytiikkarekisteri:<\/p>\n\n\n\n<p>For Food Sake Oy<\/p>\n\n\n\n<p><strong>4. Henkil\u00f6tietojen k\u00e4sittelyn tarkoitus<\/strong><br>Rekisterin tarkoituksena on rekisterinpit\u00e4j\u00e4n ja asiakkaan v\u00e4lisen asiakassuhteen hoitaminen, sek\u00e4 markkinointi ja viestint\u00e4. Rekisterin hallinta ja tietojen k\u00e4sittely voidaan ulkoistaa rekisterinpit\u00e4j\u00e4n yhteisty\u00f6kumppanille, joka on sitoutunut noudattamaan t\u00e4t\u00e4 rekisteriselostetta.<\/p>\n\n\n\n<p><strong>5. Rekisterin tietosis\u00e4lt\u00f6<\/strong><br>Rekisteri saattaa sis\u00e4lt\u00e4\u00e4 seuraavia tietoja asiakkaasta:<br>\u2013 Nimi<br>\u2013 Puhelinnumero<br>\u2013 Osoite<br>\u2013 S\u00e4hk\u00f6postiosoite<br>\u2013 Organisaation nimi ja y-tunnus<br>\u2013 Yhteysloki<\/p>\n\n\n\n<p><strong>6. S\u00e4\u00e4nt\u00f6jen mukaiset tietol\u00e4hteet<\/strong><br>Rekisteri koostetaan rekisterinpit\u00e4j\u00e4n asiakastietoj\u00e4rjestelm\u00e4st\u00e4 sek\u00e4 sivuston k\u00e4vij\u00e4seurantaty\u00f6kalusta, yleisesti saatavilla olevista internetl\u00e4hteist\u00e4 ja muista julkisista sek\u00e4 maksuttomista ett\u00e4 maksullisista l\u00e4hteist\u00e4.<\/p>\n\n\n\n<p><strong>7. Tietojen s\u00e4\u00e4nn\u00f6nmukaiset luovutukset<\/strong><br>Rekisterinpit\u00e4j\u00e4 ei luovuta tietoja ulkopuolisille lukuun ottamatta kohdassa 4 mainittua rekisterinpit\u00e4j\u00e4n yhteisty\u00f6kumppania, paitsi Suomen viranomaistoimien niin edellytt\u00e4ess\u00e4.<\/p>\n\n\n\n<p><strong>8. Tietojen siirto EU:n tai ETA:n ulkopuolelle<\/strong><br>Henkil\u00f6tietoja ei p\u00e4\u00e4s\u00e4\u00e4nt\u00f6isesti siirret\u00e4 Euroopan unionin tai Euroopan talousalueen ulkopuolelle.<\/p>\n\n\n\n<p><strong>9. Rekisterin suojauksen periaatteet<\/strong><br>Henkil\u00f6tiedot s\u00e4ilytet\u00e4\u00e4n luottamuksellisina. Rekisterinpit\u00e4j\u00e4n ja sen mahdollisten tietotekniikkakumppaneiden tietoverkko ja laitteisto, jolla rekisteri sijaitsee, on suojattu palomuurilla ja muilla tarvittavilla teknisill\u00e4 toimenpiteill\u00e4.<\/p>\n\n\n\n<p><strong>10. Ev\u00e4steet<\/strong><br>Rekisterinpit\u00e4j\u00e4n sivuilla saatetaan k\u00e4ytt\u00e4\u00e4 ev\u00e4steit\u00e4 k\u00e4ytt\u00f6kokemuksen kehitt\u00e4miseksi. Ev\u00e4ste on tekstitiedosto, joka verkkosivulla k\u00e4ydess\u00e4 tallentuu k\u00e4ytt\u00e4j\u00e4n tietokoneelle. Se sis\u00e4lt\u00e4\u00e4 tietoja ja sit\u00e4 k\u00e4ytet\u00e4\u00e4n mm. markkinointiin ja sivuston kehitt\u00e4miseen. Ev\u00e4steiden avulla ker\u00e4t\u00e4\u00e4n tietoa sivujen k\u00e4yt\u00f6st\u00e4. K\u00e4ytt\u00e4j\u00e4n henkil\u00f6llisyys ei k\u00e4y ilmi ev\u00e4steiden avulla. K\u00e4ytt\u00e4j\u00e4 voi poistaa ev\u00e4steet k\u00e4yt\u00f6st\u00e4 selaimen asetuksista. Rekisterinpit\u00e4j\u00e4n ei takaa, ett\u00e4 sivusto toimii oikein ev\u00e4steiden poistamisen j\u00e4lkeen.<\/p>\n","protected":false},"excerpt":{"rendered":"<p>1. Rekisterinpit\u00e4j\u00e4For Food Sake OyY-tunnus: 3191131-7 Puh: 0406755845 Hillapolku 2 B 996500 ROVANIEMIFINLAND 2. Yhteyshenkil\u00f6 rekisteri\u00e4 koskevissa asioissaDaniela Culley Puh: 0406755845 hostedbydaniela@gmail.com 3. Rekisterin nimiMarkkinointi- ja analytiikkarekisteri: For Food Sake Oy 4. Henkil\u00f6tietojen k\u00e4sittelyn tarkoitusRekisterin tarkoituksena on rekisterinpit\u00e4j\u00e4n ja asiakkaan v\u00e4lisen asiakassuhteen hoitaminen, sek\u00e4 markkinointi ja viestint\u00e4. Rekisterin hallinta ja tietojen k\u00e4sittely voidaan ulkoistaa rekisterinpit\u00e4j\u00e4n [&hellip;]<\/p>\n","protected":false},"author":1,"featured_media":0,"parent":0,"menu_order":9999,"comment_status":"closed","ping_status":"closed","template":"","meta":{"_acf_changed":false,"footnotes":""},"class_list":["post-4421","page","type-page","status-publish","hentry"],"acf":[],"aioseo_notices":[],"_links":{"self":[{"href":"https:\/\/hostedbydaniela.fi\/fi\/wp-json\/wp\/v2\/pages\/4421","targetHints":{"allow":["GET"]}}],"collection":[{"href":"https:\/\/hostedbydaniela.fi\/fi\/wp-json\/wp\/v2\/pages"}],"about":[{"href":"https:\/\/hostedbydaniela.fi\/fi\/wp-json\/wp\/v2\/types\/page"}],"author":[{"embeddable":true,"href":"https:\/\/hostedbydaniela.fi\/fi\/wp-json\/wp\/v2\/users\/1"}],"replies":[{"embeddable":true,"href":"https:\/\/hostedbydaniela.fi\/fi\/wp-json\/wp\/v2\/comments?post=4421"}],"version-history":[{"count":0,"href":"https:\/\/hostedbydaniela.fi\/fi\/wp-json\/wp\/v2\/pages\/4421\/revisions"}],"wp:attachment":[{"href":"https:\/\/hostedbydaniela.fi\/fi\/wp-json\/wp\/v2\/media?parent=4421"}],"curies":[{"name":"wp","href":"https:\/\/api.w.org\/{rel}","templated":true}]}}