{"id":4416,"date":"2022-09-19T11:45:14","date_gmt":"2022-09-19T08:45:14","guid":{"rendered":"https:\/\/hostedbydaniela.fi\/?page_id=4416"},"modified":"2025-06-16T13:57:31","modified_gmt":"2025-06-16T10:57:31","slug":"yhteystiedot","status":"publish","type":"page","link":"https:\/\/hostedbydaniela.fi\/fi\/yhteystiedot\/","title":{"rendered":"Yhteystiedot"},"content":{"rendered":"\r\n\r\n<section class=\"hero site-banner banner-bg-image section-default default alignfull image\">\r\n\r\n    <div class=\"site-banner-bg section-bg-image \" >\r\n\r\n        <img loading=\"lazy\" decoding=\"async\" width=\"1920\" height=\"1080\" src=\"https:\/\/hostedbydaniela.fi\/wp-content\/uploads\/2024\/12\/make-all.jpg\" class=\"attachment-1536\u00d71536 size-1536\u00d71536\" alt=\"\" srcset=\"https:\/\/hostedbydaniela.fi\/wp-content\/uploads\/2024\/12\/make-all.jpg 1920w, https:\/\/hostedbydaniela.fi\/wp-content\/uploads\/2024\/12\/make-all-300x169.jpg 300w, https:\/\/hostedbydaniela.fi\/wp-content\/uploads\/2024\/12\/make-all-1024x576.jpg 1024w, https:\/\/hostedbydaniela.fi\/wp-content\/uploads\/2024\/12\/make-all-768x432.jpg 768w, https:\/\/hostedbydaniela.fi\/wp-content\/uploads\/2024\/12\/make-all-1536x864.jpg 1536w\" sizes=\"auto, (max-width: 1920px) 100vw, 1920px\" \/>\r\n        \r\n            <div class=\"site-banner-content container\">\r\n                <div class=\"row w-100\">\r\n                    <div class=\"col-md-12\">\r\n\r\n                        <h1 class=\"hero-title\">Yhteystiedot<\/h1><div class=\"inner-content\">\r\n                            <div class=\"acf-innerblocks-container\"><\/div>\r\n                        <\/div>                    <\/div>\r\n                <\/div>\r\n            <\/div>\r\n        \r\n        <\/div><\/section>\n\n\n<div class=\"wp-block-columns is-style-narrow is-layout-flex wp-container-core-columns-is-layout-9d6595d7 wp-block-columns-is-layout-flex\">\n<div class=\"wp-block-column is-layout-flow wp-block-column-is-layout-flow\">\n<h2 class=\"wp-block-heading\">Tervetuloa Danielan hostattavaksi!<\/h2>\n\n\n\n<p>Daniela Culley on matkailualan ammattilainen ja luksusmatkailuun erikoistunut huippuosaaja, joka on rakentanut uransa vahvan ammattitaidon sek\u00e4 tasokkaan asiakaspalvelun parissa. Suomesta kotoisin oleva Daniela on kasvanut kaksikielisess\u00e4 ymp\u00e4rist\u00f6ss\u00e4 (suomi ja englanti) ja ty\u00f6skentelee sujuvasti kansainv\u00e4lisiss\u00e4 teht\u00e4viss\u00e4.<\/p>\n\n\n\n<p>Vuonna 2021 Daniela perusti oman yrityksens\u00e4 tavoitteenaan tarjota asiakkailleen t\u00e4ysin r\u00e4\u00e4t\u00e4l\u00f6ityj\u00e4, unohtumattomia luksusmatkailukokemuksia. H\u00e4n on suunnitellut ja toteuttanut matkoja Suomeen ja ulkomaille mm. julkisuuden henkil\u00f6ille, kuninkaallisille, huippu-urheilijoille ja kansainv\u00e4lisesti tunnetuille artisteille.<\/p>\n\n\n\n<p>Danielalle t\u00e4rkeimpi\u00e4 arvoja ty\u00f6ss\u00e4\u00e4n ovat autenttisuus ja luotettavuus. H\u00e4nen l\u00e4hestymistapansa perustuu aitoon ymm\u00e4rrykseen siit\u00e4, mit\u00e4 yksil\u00f6llinen luksus merkitsee. Jokainen yksityiskohta suunnitellaan huolella, jotta lopputulos ylitt\u00e4\u00e4 odotukset.<\/p>\n\n\n\n<p>Pyyd\u00e4 tarjous VIP hosting -palveluista ja matkanj\u00e4rjestelyist\u00e4 s\u00e4hk\u00f6postitse: <\/p>\n\n\n\n<p><a href=\"mailto:sales@hostedbydaniela.fi\" title=\"\"><a href=\"mailto:sales@hostedbydaniela.fi\" target=\"_blank\" rel=\"noreferrer noopener\">sales@hostedbydaniela.fi<\/a><\/a><\/p>\n\n\n\n<h3 class=\"wp-block-heading\">Hosted by Daniela<\/h3>\n\n\n\n<p><strong>Puhelin<\/strong><br>+358 40 675 5845<\/p>\n\n\n\n<p><strong>S\u00e4hk\u00f6posti<\/strong><br><a href=\"mailto:hostedbydaniela@gmail.com\" title=\"\"><\/a><a href=\"mailto:sales@hostedbydaniela.fi\" title=\"\"><\/a><a href=\"mailto:sales@hostedbydaniela.fi\">sales@hostedbydaniela.fi<\/a><\/p>\n\n\n\n<p><strong>Osoite<\/strong><br>96460 ROVANIEMI<br>FINLAND<\/p>\n\n\n\n<p><strong>Y-tunnus<\/strong><br>3191131-7<\/p>\n<\/div>\n<\/div>\n\n\n\n<div class=\"wp-block-group alignfull has-purple-background-color has-background\"><div class=\"wp-block-group__inner-container is-layout-constrained wp-block-group-is-layout-constrained\">\n<div class=\"wp-block-columns is-style-narrow is-layout-flex wp-container-core-columns-is-layout-9d6595d7 wp-block-columns-is-layout-flex\">\n<div class=\"wp-block-column is-layout-flow wp-block-column-is-layout-flow\">\n<h2 class=\"wp-block-heading has-text-align-center has-yellow-color has-text-color has-link-color wp-elements-54cc2624220daec190ba0194ba2c3a9c\">Varaa majoitus!<\/h2>\n\n\n\n<p class=\"has-text-align-center has-white-color has-text-color has-link-color wp-elements-2ac23b78c4b63bb2279ee10a6fe1a175\">Kerro meille, mink\u00e4laista majoituskohdetta etsit. Sis\u00e4llyt\u00e4 viestiin majoittujien m\u00e4\u00e4r\u00e4, ajankohta ja alue.<\/p>\n\n\n<script>\nvar gform;gform||(document.addEventListener(\"gform_main_scripts_loaded\",function(){gform.scriptsLoaded=!0}),document.addEventListener(\"gform\/theme\/scripts_loaded\",function(){gform.themeScriptsLoaded=!0}),window.addEventListener(\"DOMContentLoaded\",function(){gform.domLoaded=!0}),gform={domLoaded:!1,scriptsLoaded:!1,themeScriptsLoaded:!1,isFormEditor:()=>\"function\"==typeof InitializeEditor,callIfLoaded:function(o){return!(!gform.domLoaded||!gform.scriptsLoaded||!gform.themeScriptsLoaded&&!gform.isFormEditor()||(gform.isFormEditor()&&console.warn(\"The use of gform.initializeOnLoaded() is deprecated in the form editor context and will be removed in Gravity Forms 3.1.\"),o(),0))},initializeOnLoaded:function(o){gform.callIfLoaded(o)||(document.addEventListener(\"gform_main_scripts_loaded\",()=>{gform.scriptsLoaded=!0,gform.callIfLoaded(o)}),document.addEventListener(\"gform\/theme\/scripts_loaded\",()=>{gform.themeScriptsLoaded=!0,gform.callIfLoaded(o)}),window.addEventListener(\"DOMContentLoaded\",()=>{gform.domLoaded=!0,gform.callIfLoaded(o)}))},hooks:{action:{},filter:{}},addAction:function(o,r,e,t){gform.addHook(\"action\",o,r,e,t)},addFilter:function(o,r,e,t){gform.addHook(\"filter\",o,r,e,t)},doAction:function(o){gform.doHook(\"action\",o,arguments)},applyFilters:function(o){return gform.doHook(\"filter\",o,arguments)},removeAction:function(o,r){gform.removeHook(\"action\",o,r)},removeFilter:function(o,r,e){gform.removeHook(\"filter\",o,r,e)},addHook:function(o,r,e,t,n){null==gform.hooks[o][r]&&(gform.hooks[o][r]=[]);var d=gform.hooks[o][r];null==n&&(n=r+\"_\"+d.length),gform.hooks[o][r].push({tag:n,callable:e,priority:t=null==t?10:t})},doHook:function(r,o,e){var t;if(e=Array.prototype.slice.call(e,1),null!=gform.hooks[r][o]&&((o=gform.hooks[r][o]).sort(function(o,r){return o.priority-r.priority}),o.forEach(function(o){\"function\"!=typeof(t=o.callable)&&(t=window[t]),\"action\"==r?t.apply(null,e):e[0]=t.apply(null,e)})),\"filter\"==r)return e[0]},removeHook:function(o,r,t,n){var e;null!=gform.hooks[o][r]&&(e=(e=gform.hooks[o][r]).filter(function(o,r,e){return!!(null!=n&&n!=o.tag||null!=t&&t!=o.priority)}),gform.hooks[o][r]=e)}});\n<\/script>\n\n                <div class='gf_browser_gecko gform_wrapper gravity-theme gform-theme--no-framework' data-form-theme='gravity-theme' data-form-index='0' id='gform_wrapper_1' >\n                        <div class='gform_heading'>\n\t\t\t\t\t\t\t<p class='gform_required_legend'>&quot;<span class=\"gfield_required gfield_required_asterisk\">*<\/span>&quot; n\u00e4ytt\u00e4\u00e4 pakolliset kent\u00e4t<\/p>\n                        <\/div><form method='post' enctype='multipart\/form-data'  id='gform_1'  action='\/fi\/wp-json\/wp\/v2\/pages\/4416' data-formid='1' novalidate>\n                        <div class='gform-body gform_body'><div id='gform_fields_1' class='gform_fields top_label form_sublabel_below description_below validation_below'><div id=\"field_1_11\" class=\"gfield gfield--type-honeypot gform_validation_container field_sublabel_below gfield--has-description field_description_below field_validation_below gfield_visibility_visible\"  ><label class='form-label gfield_label gform-field-label' for='input_1_11'>Company<\/label><div class='ginput_container'><input name='input_11' id='input_1_11' type='text' value='' autocomplete='new-password'\/><\/div><div class='small text-muted gfield_description' id='gfield_description_1_11'>Kentt\u00e4 on validointitarkoituksiin ja tulee j\u00e4tt\u00e4\u00e4 koskemattomaksi.<\/div><\/div><div id=\"field_1_1\" class=\"gfield gfield--type-text gfield--input-type-text gfield_contains_required field_sublabel_below gfield--no-description field_description_below field_validation_below gfield_visibility_visible\"  ><label class='form-label gfield_label gform-field-label' for='input_1_1'>Nimi<span class=\"gfield_required\"><span class=\"gfield_required gfield_required_asterisk\">*<\/span><\/span><\/label><div class='ginput_container ginput_container_text'><input name='input_1' id='input_1_1' type='text' value='' class='form-control'     aria-required=\"true\" aria-invalid=\"false\"   \/><\/div><\/div><div id=\"field_1_2\" class=\"gfield gfield--type-text gfield--input-type-text gfield--width-half field_sublabel_below gfield--no-description field_description_below field_validation_below gfield_visibility_visible\"  ><label class='form-label gfield_label gform-field-label' for='input_1_2'>Puhelinnumero<\/label><div class='ginput_container ginput_container_text'><input name='input_2' id='input_1_2' type='text' value='' class='form-control'      aria-invalid=\"false\"   \/><\/div><\/div><div id=\"field_1_5\" class=\"gfield gfield--type-email gfield--input-type-email gfield--width-half gfield_contains_required field_sublabel_below gfield--no-description field_description_below field_validation_below gfield_visibility_visible\"  ><label class='form-label gfield_label gform-field-label' for='input_1_5'>S\u00e4hk\u00f6posti<span class=\"gfield_required\"><span class=\"gfield_required gfield_required_asterisk\">*<\/span><\/span><\/label><div class='ginput_container ginput_container_email'>\n                            <input name='input_5' id='input_1_5' autocomplete='email' type='email' value='' class='large'    aria-required=\"true\" aria-invalid=\"false\"  \/>\n                        <\/div><\/div><div id=\"field_1_6\" class=\"gfield gfield--type-number gfield--input-type-number gfield--width-half field_sublabel_below gfield--no-description field_description_below field_validation_below gfield_visibility_visible\"  ><label class='form-label gfield_label gform-field-label' for='input_1_6'>Majoittujien m\u00e4\u00e4r\u00e4<\/label><div class='ginput_container ginput_container_number'><input name='input_6' id='input_1_6' type='text' step='any' min='1' max='20' value='' class='form-control form-control-lg'      aria-invalid=\"false\" aria-describedby=\"gfield_instruction_1_6\" \/><div class='small text-muted gfield_description instruction ' id='gfield_instruction_1_6'>Anna numero v\u00e4lilt\u00e4 <strong>1<\/strong> &#8211; <strong>20<\/strong>.<\/div><\/div><\/div><div id=\"field_1_7\" class=\"gfield gfield--type-select gfield--input-type-select gfield--width-half field_sublabel_below gfield--no-description field_description_below field_validation_below gfield_visibility_visible\"  ><label class='form-label gfield_label gform-field-label' for='input_1_7'>Olen kiinnostunut seuraavasta kohteesta:<\/label><div class='ginput_container ginput_container_select'><select name='input_7' id='input_1_7' class='form-select form-select-lg'     aria-invalid=\"false\" ><option value='Valitse kohde' >Valitse kohde<\/option><option value='Kaupunkiasunto Cozy' >Kaupunkiasunto Cozy<\/option><option value='Kaupunkiasunto Sarala' >Kaupunkiasunto Sarala<\/option><option value='Villa M\u00e4kij\u00e4rvi' >Villa M\u00e4kij\u00e4rvi<\/option><option value='Villa Joutti' >Villa Joutti<\/option><\/select><\/div><\/div><div id=\"field_1_8\" class=\"gfield gfield--type-text gfield--input-type-text gfield--width-full field_sublabel_below gfield--no-description field_description_below field_validation_below gfield_visibility_visible\"  ><label class='form-label gfield_label gform-field-label' for='input_1_8'>Alue<\/label><div class='ginput_container ginput_container_text'><input name='input_8' id='input_1_8' type='text' value='' class='form-control form-control-lg'      aria-invalid=\"false\"   \/><\/div><\/div><div id=\"field_1_10\" class=\"gfield gfield--type-date gfield--input-type-date gfield--input-type-datepicker gfield--datepicker-no-icon gfield--width-half field_sublabel_below gfield--no-description field_description_below field_validation_below gfield_visibility_visible\"  ><label class='form-label gfield_label gform-field-label' for='input_1_10'>Tulo p\u00e4iv\u00e4m\u00e4\u00e4r\u00e4<\/label><div class='ginput_container col ginput_container_date'>\n                            <input name='input_10' id='input_1_10' type='text' value='' class='form-control datepicker gform-datepicker mdy datepicker_no_icon gdatepicker-no-icon'   placeholder='kk\/pp\/vvvv' aria-describedby=\"input_1_10_date_format\" aria-invalid=\"false\" \/>\n                            <span id='input_1_10_date_format' class='screen-reader-text'>KK slash PP slash VVVV<\/span>\n                        <\/div>\n                        <input type='hidden' id='gforms_calendar_icon_input_1_10' class='gform_hidden' value='https:\/\/hostedbydaniela.fi\/wp-content\/plugins\/gravityforms\/images\/datepicker\/datepicker.svg'\/><\/div><div id=\"field_1_9\" class=\"gfield gfield--type-date gfield--input-type-date gfield--input-type-datepicker gfield--datepicker-no-icon gfield--width-half field_sublabel_below gfield--no-description field_description_below field_validation_below gfield_visibility_visible\"  ><label class='form-label gfield_label gform-field-label' for='input_1_9'>L\u00e4ht\u00f6 p\u00e4iv\u00e4m\u00e4\u00e4r\u00e4<\/label><div class='ginput_container col ginput_container_date'>\n                            <input name='input_9' id='input_1_9' type='text' value='' class='form-control datepicker gform-datepicker mdy datepicker_no_icon gdatepicker-no-icon'   placeholder='kk\/pp\/vvvv' aria-describedby=\"input_1_9_date_format\" aria-invalid=\"false\" \/>\n                            <span id='input_1_9_date_format' class='screen-reader-text'>KK slash PP slash VVVV<\/span>\n                        <\/div>\n                        <input type='hidden' id='gforms_calendar_icon_input_1_9' class='gform_hidden' value='https:\/\/hostedbydaniela.fi\/wp-content\/plugins\/gravityforms\/images\/datepicker\/datepicker.svg'\/><\/div><div id=\"field_1_4\" class=\"gfield gfield--type-textarea gfield--input-type-textarea field_sublabel_below gfield--no-description field_description_below field_validation_below gfield_visibility_visible\"  ><label class='form-label gfield_label gform-field-label' for='input_1_4'>Viesti<\/label><div class='ginput_container ginput_container_textarea'><textarea name='input_4' id='input_1_4' class='form-control form-control-lg textarea'      aria-invalid=\"false\"   rows='4' cols='50'><\/textarea><\/div><\/div><\/div><\/div>\n        <div class='gform-footer gform_footer top_label'> <input type='submit' id='gform_submit_button_1' class='gform_button btn btn-primary button' onclick='gform.submission.handleButtonClick(this);' data-submission-type='submit' value='L\u00e4het\u00e4'  \/> \n            <input type='hidden' class='gform_hidden' name='gform_submission_method' data-js='gform_submission_method_1' value='postback' \/>\n            <input type='hidden' class='gform_hidden' name='gform_theme' data-js='gform_theme_1' id='gform_theme_1' value='gravity-theme' \/>\n            <input type='hidden' class='gform_hidden' name='gform_style_settings' data-js='gform_style_settings_1' id='gform_style_settings_1' value='{&quot;inputPrimaryColor&quot;:&quot;#204ce5&quot;}' \/>\n            <input type='hidden' class='gform_hidden' name='is_submit_1' value='1' \/>\n            <input type='hidden' class='gform_hidden' name='gform_submit' value='1' \/>\n            \n            <input type='hidden' class='gform_hidden' name='gform_currency' data-currency='EUR' value='MFZkP5QP7YGvRixd+oH3wVg9rBTTdfyCNhIKLDqQu\/1NwY0oeWJBrF5675C\/V3uR0DGGu9rNoo8iCuoAVnfP8la0fYqbVs4dcGY6Adep7bkimiY=' \/>\n            <input type='hidden' class='gform_hidden' name='gform_unique_id' value='' \/>\n            <input type='hidden' class='gform_hidden' name='state_1' value='WyJ7XCI3XCI6W1wiMDdjMmE1YjJjNmI0MzEyMDdhMjIzODdmYjA0YWYwMzZcIixcImEwODQyZGM5Yjc4YWMxZjc5MTdhZmNkZTliMjExNWMzXCIsXCI2NTJmYzNkNWM4OTIxYTIyNTgzNGUzNGM2YmM4M2QxOFwiLFwiMTNkOTE2YTdlZWZhMDZkZjk0NzMyNzljYTVhMmZjZjNcIixcIjg1YzllZjZhMGY4OWRkNGY0MDZiOWFjNjA4ZjRmMmIwXCJdfSIsIjEzYjQwNGUwZmFkMTEwNTRiYjIwYjZlZGFlZWU2Y2M1Il0=' \/>\n            <input type='hidden' autocomplete='off' class='gform_hidden' name='gform_target_page_number_1' id='gform_target_page_number_1' value='0' \/>\n            <input type='hidden' autocomplete='off' class='gform_hidden' name='gform_source_page_number_1' id='gform_source_page_number_1' value='1' \/>\n            <input type='hidden' name='gform_field_values' value='' \/>\n            \n        <\/div>\n                        <\/form>\n                        <\/div><script>\ngform.initializeOnLoaded( function() {gformInitSpinner( 1, 'data:image\/gif;base64,R0lGODlhAQABAIAAAAAAAP\/\/\/yH5BAEAAAAALAAAAAABAAEAAAIBRAA7', true );jQuery('#gform_ajax_frame_1').on('load',function(){var contents = jQuery(this).contents().find('*').html();var is_postback = contents.indexOf('GF_AJAX_POSTBACK') >= 0;if(!is_postback){return;}var form_content = jQuery(this).contents().find('#gform_wrapper_1');var is_confirmation = jQuery(this).contents().find('#gform_confirmation_wrapper_1').length > 0;var is_redirect = contents.indexOf('gformRedirect(){') >= 0;var is_form = form_content.length > 0 && ! is_redirect && ! is_confirmation;var mt = parseInt(jQuery('html').css('margin-top'), 10) + parseInt(jQuery('body').css('margin-top'), 10) + 100;if(is_form){jQuery('#gform_wrapper_1').html(form_content.html());if(form_content.hasClass('gform_validation_error')){jQuery('#gform_wrapper_1').addClass('gform_validation_error');} else {jQuery('#gform_wrapper_1').removeClass('gform_validation_error');}setTimeout( function() { \/* delay the scroll by 50 milliseconds to fix a bug in chrome *\/  }, 50 );if(window['gformInitDatepicker']) {gformInitDatepicker();}if(window['gformInitPriceFields']) {gformInitPriceFields();}var current_page = jQuery('#gform_source_page_number_1').val();gformInitSpinner( 1, 'data:image\/gif;base64,R0lGODlhAQABAIAAAAAAAP\/\/\/yH5BAEAAAAALAAAAAABAAEAAAIBRAA7', true );jQuery(document).trigger('gform_page_loaded', [1, current_page]);window['gf_submitting_1'] = false;}else if(!is_redirect){var confirmation_content = jQuery(this).contents().find('.GF_AJAX_POSTBACK').html();if(!confirmation_content){confirmation_content = contents;}jQuery('#gform_wrapper_1').replaceWith(confirmation_content);jQuery(document).trigger('gform_confirmation_loaded', [1]);window['gf_submitting_1'] = false;wp.a11y.speak(jQuery('#gform_confirmation_message_1').text());}else{jQuery('#gform_1').append(contents);if(window['gformRedirect']) {gformRedirect();}}jQuery(document).trigger(\"gform_pre_post_render\", [{ formId: \"1\", currentPage: \"current_page\", abort: function() { this.preventDefault(); } }]);        if (event && event.defaultPrevented) {                return;        }        const gformWrapperDiv = document.getElementById( \"gform_wrapper_1\" );        if ( gformWrapperDiv ) {            const visibilitySpan = document.createElement( \"span\" );            visibilitySpan.id = \"gform_visibility_test_1\";            gformWrapperDiv.insertAdjacentElement( \"afterend\", visibilitySpan );        }        const visibilityTestDiv = document.getElementById( \"gform_visibility_test_1\" );        let postRenderFired = false;        function triggerPostRender() {            if ( postRenderFired ) {                return;            }            postRenderFired = true;            gform.core.triggerPostRenderEvents( 1, current_page );            if ( visibilityTestDiv ) {                visibilityTestDiv.parentNode.removeChild( visibilityTestDiv );            }        }        function debounce( func, wait, immediate ) {            var timeout;            return function() {                var context = this, args = arguments;                var later = function() {                    timeout = null;                    if ( !immediate ) func.apply( context, args );                };                var callNow = immediate && !timeout;                clearTimeout( timeout );                timeout = setTimeout( later, wait );                if ( callNow ) func.apply( context, args );            };        }        const debouncedTriggerPostRender = debounce( function() {            triggerPostRender();        }, 200 );        if ( visibilityTestDiv && visibilityTestDiv.offsetParent === null ) {            const observer = new MutationObserver( ( mutations ) => {                mutations.forEach( ( mutation ) => {                    if ( mutation.type === 'attributes' && visibilityTestDiv.offsetParent !== null ) {                        debouncedTriggerPostRender();                        observer.disconnect();                    }                });            });            observer.observe( document.body, {                attributes: true,                childList: false,                subtree: true,                attributeFilter: [ 'style', 'class' ],            });        } else {            triggerPostRender();        }    } );} );\n<\/script>\n<\/div>\n<\/div>\n<\/div><\/div>\n\n\n\n<div class=\"wp-block-columns is-style-narrow is-layout-flex wp-container-core-columns-is-layout-9d6595d7 wp-block-columns-is-layout-flex\">\n<div class=\"wp-block-column is-layout-flow wp-block-column-is-layout-flow\">\n<h2 class=\"wp-block-heading has-yellow-color has-text-color has-link-color wp-elements-24856c90d1ce8a0616db43940aa08b3b\">Asunnon omistajalle<\/h2>\n\n\n\n<p>Haluatko vuokrata kaupunki- tai loma-asuntoasi vaivattomasti? Hosted by Daniela hoitaa asunnon vuokrauksen ja kaikki siihen liittyv\u00e4t teht\u00e4v\u00e4t.<\/p>\n\n\n\n<p>Tasokas siivouspalvelumme puhdistaa asunnon vuokralaisten j\u00e4ljilt\u00e4, mink\u00e4 lis\u00e4ksi hoidamme avainten luovutuksen ja viestinn\u00e4n vuokralaisten kanssa. Pyykkipalvelumme huolehtii lakanoiden ja pyyhkeiden pesusta vierailujen v\u00e4liss\u00e4. Jos haluat vierailijoiden k\u00e4ytt\u00e4v\u00e4n meid\u00e4n laadukkaita lakana- ja pyyhesettej\u00e4mme, toimitamme ne kohteeseen ennen vieraiden saapumista.<\/p>\n\n\n\n<p>Siivouspalvelumme on saatavilla my\u00f6s muutto- ja remonttikohteisiin sek\u00e4 Airbnb-kohteisiin.<\/p>\n\n\n\n<p><strong><a href=\"mailto:hostedbydaniela@gmail.com\" title=\"\">Ota yhteytt\u00e4 &#8211; saat lis\u00e4tietoja!<\/a><\/strong><\/p>\n<\/div>\n<\/div>\n\n\n\r\n<div class=\"maps-block alignfull\">\r\n    <iframe class=\"maps-iframe\" src=\"https:\/\/maps.google.com\/maps?q=For Food Sake, Hillapolku 2 B 9 96500 ROVANIEMI&#038;hl=fi&amp;z=16&amp;output=embed\" class=\"gmaps-iframe\" loading=\"lazy\" title=\"Googlekartta\" tabIndex=\"-1\"><\/iframe>\r\n<\/div>","protected":false},"excerpt":{"rendered":"<p>Tervetuloa Danielan hostattavaksi! Daniela Culley on matkailualan ammattilainen ja luksusmatkailuun erikoistunut huippuosaaja, joka on rakentanut uransa vahvan ammattitaidon sek\u00e4 tasokkaan asiakaspalvelun parissa. Suomesta kotoisin oleva Daniela on kasvanut kaksikielisess\u00e4 ymp\u00e4rist\u00f6ss\u00e4 (suomi ja englanti) ja ty\u00f6skentelee sujuvasti kansainv\u00e4lisiss\u00e4 teht\u00e4viss\u00e4. Vuonna 2021 Daniela perusti oman yrityksens\u00e4 tavoitteenaan tarjota asiakkailleen t\u00e4ysin r\u00e4\u00e4t\u00e4l\u00f6ityj\u00e4, unohtumattomia luksusmatkailukokemuksia. H\u00e4n on suunnitellut ja [&hellip;]<\/p>\n","protected":false},"author":1,"featured_media":0,"parent":0,"menu_order":10,"comment_status":"closed","ping_status":"closed","template":"","meta":{"_acf_changed":false,"footnotes":""},"class_list":["post-4416","page","type-page","status-publish","hentry"],"acf":[],"aioseo_notices":[],"_links":{"self":[{"href":"https:\/\/hostedbydaniela.fi\/fi\/wp-json\/wp\/v2\/pages\/4416","targetHints":{"allow":["GET"]}}],"collection":[{"href":"https:\/\/hostedbydaniela.fi\/fi\/wp-json\/wp\/v2\/pages"}],"about":[{"href":"https:\/\/hostedbydaniela.fi\/fi\/wp-json\/wp\/v2\/types\/page"}],"author":[{"embeddable":true,"href":"https:\/\/hostedbydaniela.fi\/fi\/wp-json\/wp\/v2\/users\/1"}],"replies":[{"embeddable":true,"href":"https:\/\/hostedbydaniela.fi\/fi\/wp-json\/wp\/v2\/comments?post=4416"}],"version-history":[{"count":0,"href":"https:\/\/hostedbydaniela.fi\/fi\/wp-json\/wp\/v2\/pages\/4416\/revisions"}],"wp:attachment":[{"href":"https:\/\/hostedbydaniela.fi\/fi\/wp-json\/wp\/v2\/media?parent=4416"}],"curies":[{"name":"wp","href":"https:\/\/api.w.org\/{rel}","templated":true}]}}