{"id":4412,"date":"2021-09-28T14:42:32","date_gmt":"2021-09-28T11:42:32","guid":{"rendered":"https:\/\/hostedbydaniela.fi\/?page_id=4412"},"modified":"2025-06-17T13:59:19","modified_gmt":"2025-06-17T10:59:19","slug":"etusivu","status":"publish","type":"page","link":"https:\/\/hostedbydaniela.fi\/fi\/","title":{"rendered":"Etusivu"},"content":{"rendered":"\r\n\r\n<section class=\"hero site-banner banner-bg-image section-default default alignfull image\">\r\n\r\n    <div class=\"site-banner-bg section-bg-image \" >\r\n\r\n        <img loading=\"lazy\" decoding=\"async\" width=\"1280\" height=\"852\" src=\"https:\/\/hostedbydaniela.fi\/wp-content\/uploads\/2024\/12\/makijarvi-outside.jpg\" class=\"attachment-1536\u00d71536 size-1536\u00d71536\" alt=\"\" srcset=\"https:\/\/hostedbydaniela.fi\/wp-content\/uploads\/2024\/12\/makijarvi-outside.jpg 1280w, https:\/\/hostedbydaniela.fi\/wp-content\/uploads\/2024\/12\/makijarvi-outside-300x200.jpg 300w, https:\/\/hostedbydaniela.fi\/wp-content\/uploads\/2024\/12\/makijarvi-outside-1024x682.jpg 1024w, https:\/\/hostedbydaniela.fi\/wp-content\/uploads\/2024\/12\/makijarvi-outside-768x511.jpg 768w\" sizes=\"auto, (max-width: 1280px) 100vw, 1280px\" \/>\r\n        \r\n            <div class=\"site-banner-content container\">\r\n                <div class=\"row w-100\">\r\n                    <div class=\"col-md-12\">\r\n\r\n                        <h1 class=\"hero-title\">Hosted by Daniela<\/h1><div class=\"inner-content\">\r\n                            <div class=\"acf-innerblocks-container\">\n\n<p><\/p>\n\n<\/div>\r\n                        <\/div>                    <\/div>\r\n                <\/div>\r\n            <\/div>\r\n        \r\n        <\/div><\/section>\n\n\n<div class=\"wp-block-group alignfull has-purple-background-color has-background\"><div class=\"wp-block-group__inner-container is-layout-constrained wp-block-group-is-layout-constrained\">\n<h2 class=\"wp-block-heading has-text-align-center has-yellow-color has-text-color has-link-color has-x-large-font-size wp-elements-0556394fdbe9abaaaa77d1d40383e61f\">Hosted by Daniela<\/h2>\n\n\n\n<p class=\"has-text-align-center has-white-color has-text-color has-link-color wp-elements-32bc578ca2740e807bc2b5fecc483c76\">Hosted by Daniela tekee matkastasi ainutlaatuisen. Asiantuntevat VIP-hostimme ja -butlerimme varmistavat, ett\u00e4 lomasi on t\u00e4ynn\u00e4 ikimuistoisia hetki\u00e4!<\/p>\n<\/div><\/div>\n\n\n<div class=\"image-and-text wp-block has-media-on-the-right\">\r\n<div class=\"row\">\r\n    <div class=\"col-12 col-md-6 image-col\">\r\n\r\n        <img loading=\"lazy\" decoding=\"async\" width=\"675\" height=\"900\" src=\"https:\/\/hostedbydaniela.fi\/wp-content\/uploads\/2024\/12\/joutti-xmas.jpg\" class=\"attachment-large size-large\" alt=\"\" srcset=\"https:\/\/hostedbydaniela.fi\/wp-content\/uploads\/2024\/12\/joutti-xmas.jpg 675w, https:\/\/hostedbydaniela.fi\/wp-content\/uploads\/2024\/12\/joutti-xmas-225x300.jpg 225w\" sizes=\"auto, (max-width: 675px) 100vw, 675px\" \/>    <\/div>\r\n\r\n    <div class=\"col-12 col-md-6 text-col\"><div class=\"acf-innerblocks-container\">\n\n<h2 class=\"wp-block-heading\">Huippuluokan VIP-hostingia, matkaj\u00e4rjestelyj\u00e4 ja luksuspalveluita<\/h2>\n\n\n\n<p>Tarjoamme kustomoituja VIP hostaus &#8211; ja Butler-palveluita lomamatkallesi. Ammattitaitoiset hostit ja butlerit huolehtivat matkaseurueestasi ja varmistavat, ett\u00e4 lomasi on sinulle ainutlaatuinen el\u00e4mys. Palveluihimme kuuluu my\u00f6s Air Hostess -palvelut yksityislennoille sek\u00e4 henkil\u00f6kohtaisen assistentin palvelut loman ajaksi.<\/p>\n\n\n\n<p>Suunnittelemme matkallesi unohtumattomat el\u00e4mykset ja pid\u00e4mme huolta matkaj\u00e4rjestelyist\u00e4. Toimimme joustavasti niin Suomessa kuin ulkomailla, joten voit varata tiimimme my\u00f6s ulkomaille t\u00f6ihin.<\/p>\n\n\n\n<p>Jokainen palvelumme mukautetaan asiakaskohtaisesti, jotta asiakkaamme saavat meilt\u00e4 ensiluokkaista henkil\u00f6kohtaista palvelua, joka tekee matkastasi vaivattoman ja ylellisen.<\/p>\n\n\n\n<div class=\"wp-block-button\"><a class=\"wp-block-button__link wp-element-button\" href=\"https:\/\/hostedbydaniela.fi\/fi\/yhteystiedot\/\">L\u00e4het\u00e4 yhteydenottopyynt\u00f6<\/a><\/div>\n\n<\/div>\r\n<\/div>\r\n<\/div>\r\n<\/div>\n\n<div class=\"image-and-text wp-block has-media-on-the-right\">\r\n<div class=\"row\">\r\n    <div class=\"col-12 col-md-6 image-col\">\r\n\r\n        <img loading=\"lazy\" decoding=\"async\" width=\"682\" height=\"1024\" src=\"https:\/\/hostedbydaniela.fi\/wp-content\/uploads\/2024\/12\/sarala-bedroom-682x1024.jpg\" class=\"attachment-large size-large\" alt=\"\" srcset=\"https:\/\/hostedbydaniela.fi\/wp-content\/uploads\/2024\/12\/sarala-bedroom-682x1024.jpg 682w, https:\/\/hostedbydaniela.fi\/wp-content\/uploads\/2024\/12\/sarala-bedroom-200x300.jpg 200w, https:\/\/hostedbydaniela.fi\/wp-content\/uploads\/2024\/12\/sarala-bedroom-768x1152.jpg 768w, https:\/\/hostedbydaniela.fi\/wp-content\/uploads\/2024\/12\/sarala-bedroom.jpg 853w\" sizes=\"auto, (max-width: 682px) 100vw, 682px\" \/>    <\/div>\r\n\r\n    <div class=\"col-12 col-md-6 text-col has-background has-purple-background-color\"><div class=\"acf-innerblocks-container\">\n\n<h3 class=\"wp-block-heading has-yellow-color has-text-color has-link-color wp-elements-3ebc2be0e5978d670149a375d9bcf709\"><strong>Siivouspalvelut<\/strong><\/h3>\n\n\n\n<p class=\"has-white-color has-text-color has-link-color wp-elements-6cd2079a261468357a0853e340d0b50c\">Hosted by Daniela tarjoaa laadukkaita siivouspalveluita monenlaisiin kohteisiin, kuten Airbnb-asuntoihin, liiketiloihin ja lomakohteisiin. Airbnb-kohteissa nostamme majoituksen tasoa laadukkaalla ty\u00f6ll\u00e4mme, mik\u00e4 on n\u00e4kynyt kohteidemme arvostelujen tason nousuna.<\/p>\n\n\n\n<p class=\"has-white-color has-text-color has-link-color wp-elements-33d45dc9daff967360925aef9e5c7550\">Siivouspalveluissa meille on t\u00e4rkeint\u00e4 huolellisuus ja yksityiskohtiin panostaminen. Housekeeping-tiimimme on koulutettu tekem\u00e4\u00e4n kaikkea viiden t\u00e4hden hotellisiivouksista aina rakennussiivouksiin asti.<\/p>\n\n\n\n<p class=\"has-white-color has-text-color has-link-color wp-elements-e540383fd6897c83d816f692dc1a82cc\">Siivouksen hinta on 35 \u20ac\/h +alv 25,5 %.<\/p>\n\n\n\n<div class=\"wp-block-button is-style-fill\"><a class=\"wp-block-button__link has-yellow-background-color has-background wp-element-button\" href=\"https:\/\/hostedbydaniela.fi\/fi\/yhteystiedot\/\">Tilaa siivouspalvelu<\/a><\/div>\n\n<\/div>\r\n<\/div>\r\n<\/div>\r\n<\/div>\n\n<div class=\"image-and-text wp-block has-media-on-the-right\">\r\n<div class=\"row\">\r\n    <div class=\"col-12 col-md-6 image-col\">\r\n\r\n        <img loading=\"lazy\" decoding=\"async\" width=\"800\" height=\"533\" src=\"https:\/\/hostedbydaniela.fi\/wp-content\/uploads\/2024\/12\/makijarvi-master-bedroom-1024x682.jpg\" class=\"attachment-large size-large\" alt=\"\" srcset=\"https:\/\/hostedbydaniela.fi\/wp-content\/uploads\/2024\/12\/makijarvi-master-bedroom-1024x682.jpg 1024w, https:\/\/hostedbydaniela.fi\/wp-content\/uploads\/2024\/12\/makijarvi-master-bedroom-300x200.jpg 300w, https:\/\/hostedbydaniela.fi\/wp-content\/uploads\/2024\/12\/makijarvi-master-bedroom-768x511.jpg 768w, https:\/\/hostedbydaniela.fi\/wp-content\/uploads\/2024\/12\/makijarvi-master-bedroom.jpg 1280w\" sizes=\"auto, (max-width: 800px) 100vw, 800px\" \/>    <\/div>\r\n\r\n    <div class=\"col-12 col-md-6 text-col\"><div class=\"acf-innerblocks-container\">\n\n<h2 class=\"wp-block-heading\">L\u00f6yd\u00e4 majoitus lomasi ajaksi!<\/h2>\n\n\n\n<p>Hosted by Daniela vuokraa loma-asuntoja ja majoituskohteita Rovaniemelt\u00e4, muualta Lapista, p\u00e4\u00e4kaupunkiseudulta ja ymp\u00e4ri Suomea.<\/p>\n\n\n\n<p>Kohteemme sopivat joka lomaan \u2013 meill\u00e4 voit viett\u00e4\u00e4 el\u00e4myksellisen loman privaattihuvilassa upeissa maisemissa tai tehd\u00e4 nopean kaupunkireissun yhdess\u00e4 kaupunkiasunnoistamme.<\/p>\n\n\n\n<div class=\"wp-block-button\"><a class=\"wp-block-button__link wp-element-button\" href=\"https:\/\/hostedbydaniela.fi\/yhteystiedot\/\">Varaa majoitus<\/a><\/div>\n\n<\/div>\r\n<\/div>\r\n<\/div>\r\n<\/div>\n\n\n<div class=\"wp-block-group alignfull kohteet-container has-purple-background-color has-background\"><div class=\"wp-block-group__inner-container is-layout-constrained wp-block-group-is-layout-constrained\">\n<h2 class=\"wp-block-heading has-text-align-center has-yellow-color has-text-color has-link-color has-x-large-font-size wp-elements-489666526241e59e16ad0e30c8c424ea\">Kohteemme<\/h2>\n\n\n\n<p class=\"has-text-align-center has-white-color has-text-color has-link-color wp-elements-724d49cb8340dce8177d949bc8e03701\">Kohteisiimme lukeutuu laaja valikoima erilaisia kaupunkiasuntoja, luksusm\u00f6kkej\u00e4 ja monia muita majoitusvaihtoehtoja. Laittaessasi kysely\u00e4 majoituksesta, r\u00e4\u00e4t\u00e4l\u00f6imme matkaseurueellesi sopivimman majoitus- ja palvelupaketin.<\/p>\n\n\n\n<div style=\"height:2rem\" aria-hidden=\"true\" class=\"wp-block-spacer\"><\/div>\n\n\n\n<div class=\"wp-block-columns alignwide is-layout-flex wp-container-core-columns-is-layout-9d6595d7 wp-block-columns-is-layout-flex\">\n<div class=\"wp-block-column is-layout-flow wp-block-column-is-layout-flow\">\n<div class=\"wp-block-cover wp-elements-db916807a2d45beb5e4c4654958f33d1\"><img loading=\"lazy\" decoding=\"async\" width=\"1920\" height=\"1080\" class=\"wp-block-cover__image-background wp-image-4206\" alt=\"\" src=\"https:\/\/hostedbydaniela.fi\/wp-content\/uploads\/2024\/12\/make-all.jpg\" data-object-fit=\"cover\" srcset=\"https:\/\/hostedbydaniela.fi\/wp-content\/uploads\/2024\/12\/make-all.jpg 1920w, https:\/\/hostedbydaniela.fi\/wp-content\/uploads\/2024\/12\/make-all-300x169.jpg 300w, https:\/\/hostedbydaniela.fi\/wp-content\/uploads\/2024\/12\/make-all-1024x576.jpg 1024w, https:\/\/hostedbydaniela.fi\/wp-content\/uploads\/2024\/12\/make-all-768x432.jpg 768w, https:\/\/hostedbydaniela.fi\/wp-content\/uploads\/2024\/12\/make-all-1536x864.jpg 1536w\" sizes=\"auto, (max-width: 1920px) 100vw, 1920px\" \/><span aria-hidden=\"true\" class=\"wp-block-cover__background has-black-background-color has-background-dim-40 has-background-dim\"><\/span><div class=\"wp-block-cover__inner-container is-layout-flow wp-block-cover-is-layout-flow\">\n<h3 class=\"wp-block-heading has-text-align-center has-large-font-size\"><a href=\"https:\/\/hostedbydaniela.fi\/fi\/vuokrattavat-kohteet\/#cozy\" title=\"Palvelut\">Kaupunki\u00adasunto Cozy<\/a><\/h3>\n<\/div><\/div>\n<\/div>\n\n\n\n<div class=\"wp-block-column is-layout-flow wp-block-column-is-layout-flow\">\n<div class=\"wp-block-cover wp-elements-a9c227e8b3df71b552891d1ea0835938\"><img loading=\"lazy\" decoding=\"async\" width=\"853\" height=\"1280\" class=\"wp-block-cover__image-background wp-image-4232\" alt=\"\" src=\"https:\/\/hostedbydaniela.fi\/wp-content\/uploads\/2024\/12\/sarala-bedroom.jpg\" data-object-fit=\"cover\" srcset=\"https:\/\/hostedbydaniela.fi\/wp-content\/uploads\/2024\/12\/sarala-bedroom.jpg 853w, https:\/\/hostedbydaniela.fi\/wp-content\/uploads\/2024\/12\/sarala-bedroom-200x300.jpg 200w, https:\/\/hostedbydaniela.fi\/wp-content\/uploads\/2024\/12\/sarala-bedroom-682x1024.jpg 682w, https:\/\/hostedbydaniela.fi\/wp-content\/uploads\/2024\/12\/sarala-bedroom-768x1152.jpg 768w\" sizes=\"auto, (max-width: 853px) 100vw, 853px\" \/><span aria-hidden=\"true\" class=\"wp-block-cover__background has-black-background-color has-background-dim-40 has-background-dim\"><\/span><div class=\"wp-block-cover__inner-container is-layout-flow wp-block-cover-is-layout-flow\">\n<h3 class=\"wp-block-heading has-text-align-center has-large-font-size\"><a href=\"https:\/\/hostedbydaniela.fi\/fi\/vuokrattavat-kohteet\/#sarala\" title=\"\">Kaupunki\u00adasunto Sarala<\/a><\/h3>\n<\/div><\/div>\n<\/div>\n\n\n\n<div class=\"wp-block-column is-layout-flow wp-block-column-is-layout-flow\">\n<div class=\"wp-block-cover wp-elements-a2add3de122d74b6c0de0454210e6628\"><img loading=\"lazy\" decoding=\"async\" width=\"1024\" height=\"640\" class=\"wp-block-cover__image-background wp-image-4223\" alt=\"\" src=\"https:\/\/hostedbydaniela.fi\/wp-content\/uploads\/2024\/12\/makijarvi-living-room-1024x640.jpg\" data-object-fit=\"cover\" srcset=\"https:\/\/hostedbydaniela.fi\/wp-content\/uploads\/2024\/12\/makijarvi-living-room-1024x640.jpg 1024w, https:\/\/hostedbydaniela.fi\/wp-content\/uploads\/2024\/12\/makijarvi-living-room-300x188.jpg 300w, https:\/\/hostedbydaniela.fi\/wp-content\/uploads\/2024\/12\/makijarvi-living-room-768x480.jpg 768w, https:\/\/hostedbydaniela.fi\/wp-content\/uploads\/2024\/12\/makijarvi-living-room.jpg 1280w\" sizes=\"auto, (max-width: 1024px) 100vw, 1024px\" \/><span aria-hidden=\"true\" class=\"wp-block-cover__background has-black-background-color has-background-dim-40 has-background-dim\"><\/span><div class=\"wp-block-cover__inner-container is-layout-flow wp-block-cover-is-layout-flow\">\n<h3 class=\"wp-block-heading has-text-align-center has-large-font-size\"><a href=\"https:\/\/hostedbydaniela.fi\/fi\/vuokrattavat-kohteet\/#makijarvi\" title=\"\">Villa M\u00e4kij\u00e4rvi<\/a><\/h3>\n<\/div><\/div>\n<\/div>\n\n\n\n<div class=\"wp-block-column is-layout-flow wp-block-column-is-layout-flow\">\n<div class=\"wp-block-cover wp-elements-cc3cf17c26b0a57ef61a0d02fe9870d0\"><img loading=\"lazy\" decoding=\"async\" width=\"675\" height=\"900\" class=\"wp-block-cover__image-background wp-image-4204\" alt=\"\" src=\"https:\/\/hostedbydaniela.fi\/wp-content\/uploads\/2024\/12\/joutti-outside.jpg\" data-object-fit=\"cover\" srcset=\"https:\/\/hostedbydaniela.fi\/wp-content\/uploads\/2024\/12\/joutti-outside.jpg 675w, https:\/\/hostedbydaniela.fi\/wp-content\/uploads\/2024\/12\/joutti-outside-225x300.jpg 225w\" sizes=\"auto, (max-width: 675px) 100vw, 675px\" \/><span aria-hidden=\"true\" class=\"wp-block-cover__background has-black-background-color has-background-dim-40 has-background-dim\"><\/span><div class=\"wp-block-cover__inner-container is-layout-flow wp-block-cover-is-layout-flow\">\n<h3 class=\"wp-block-heading has-text-align-center has-large-font-size\"><a href=\"https:\/\/hostedbydaniela.fi\/fi\/vuokrattavat-kohteet\/#joutti\" title=\"\">Villa Joutti<\/a><\/h3>\n<\/div><\/div>\n<\/div>\n<\/div>\n\n\n\n<div class=\"wp-block-buttons is-content-justification-center is-layout-flex wp-container-core-buttons-is-layout-16018d1d wp-block-buttons-is-layout-flex\">\n<div class=\"wp-block-button\"><a class=\"wp-block-button__link has-yellow-background-color has-background wp-element-button\" href=\"https:\/\/hostedbydaniela.fi\/fi\/vuokrattavat-kohteet\/\">Tutustu kohteisiimme<\/a><\/div>\n<\/div>\n<\/div><\/div>\n\n\n\n<div class=\"wp-block-columns is-style-narrow is-layout-flex wp-container-core-columns-is-layout-9d6595d7 wp-block-columns-is-layout-flex\">\n<div class=\"wp-block-column is-layout-flow wp-block-column-is-layout-flow\"><\/div>\n<\/div>\n\n\n\n<div class=\"wp-block-group is-style-default is-nowrap is-layout-flex wp-container-core-group-is-layout-ad2f72ca wp-block-group-is-layout-flex\">\n<div class=\"wp-block-columns nosto-kuva-ja-teksti is-layout-flex wp-container-core-columns-is-layout-9d6595d7 wp-block-columns-is-layout-flex\">\n<div class=\"wp-block-column has-purple-background-color has-background is-layout-flow wp-block-column-is-layout-flow\">\n<figure class=\"wp-block-image size-large\"><img loading=\"lazy\" decoding=\"async\" width=\"1024\" height=\"650\" src=\"https:\/\/hostedbydaniela.fi\/wp-content\/uploads\/2024\/12\/joutti-bedroom-1024x650.jpg\" alt=\"\" class=\"wp-image-4201\" srcset=\"https:\/\/hostedbydaniela.fi\/wp-content\/uploads\/2024\/12\/joutti-bedroom-1024x650.jpg 1024w, https:\/\/hostedbydaniela.fi\/wp-content\/uploads\/2024\/12\/joutti-bedroom-300x191.jpg 300w, https:\/\/hostedbydaniela.fi\/wp-content\/uploads\/2024\/12\/joutti-bedroom-768x488.jpg 768w, https:\/\/hostedbydaniela.fi\/wp-content\/uploads\/2024\/12\/joutti-bedroom.jpg 1280w\" sizes=\"auto, (max-width: 1024px) 100vw, 1024px\" \/><\/figure>\n\n\n\n<h4 class=\"wp-block-heading has-yellow-color has-text-color has-link-color wp-elements-e171c72e5cd45f67758ebb3497b9066f\">Yksityiskohdat<\/h4>\n\n\n\n<p class=\"nosto-kuva-ja-teksti has-white-color has-text-color has-link-color wp-elements-de848c82bff15bf91beb5f16ea2a73b5\">Panostamme tarkkaan valittuihin yksityiskohtiin niin hosting-palveluissamme kuin majoituskohteissamme. Asiakkaamme saavat huippuluokan palvelulua ja kohteissamme majoittujaa odottavat esimerkiksi laadukkaat liinavaatteet, pyyhkeet ja kosmetiikkatuotteet.<\/p>\n<\/div>\n\n\n\n<div class=\"wp-block-column has-purple-background-color has-background is-layout-flow wp-block-column-is-layout-flow\">\n<figure class=\"wp-block-image size-full\"><img loading=\"lazy\" decoding=\"async\" width=\"406\" height=\"900\" src=\"https:\/\/hostedbydaniela.fi\/wp-content\/uploads\/2024\/12\/joutti-living-room.jpg\" alt=\"\" class=\"wp-image-4203\" srcset=\"https:\/\/hostedbydaniela.fi\/wp-content\/uploads\/2024\/12\/joutti-living-room.jpg 406w, https:\/\/hostedbydaniela.fi\/wp-content\/uploads\/2024\/12\/joutti-living-room-135x300.jpg 135w\" sizes=\"auto, (max-width: 406px) 100vw, 406px\" \/><\/figure>\n\n\n\n<h4 class=\"wp-block-heading has-yellow-color has-text-color has-link-color wp-elements-6ada56d87aff7dbe5fdd4ae1172e8e44\">Siisti ja huomioonottava majoituskohde<\/h4>\n\n\n\n<p class=\"has-white-color has-text-color has-link-color wp-elements-cd3d970ff99b9aeeb595b59d012550f3\">Housekeeping-tiimimme on koulutettu tekem\u00e4\u00e4n 5 t\u00e4hden hotellisiivouksia, mink\u00e4 ansiosta Airbnb-asuntosi tai muu majoituskohde on t\u00e4ydellisess\u00e4 kunnossa asiakkaalle luovutettaessa. Jos matkaseurueeseen kuuluu pieni\u00e4 lapsia, huolehdimme, ett\u00e4 matkapinnas\u00e4nky on valmiina ja kohteesta l\u00f6ytyy sy\u00f6tt\u00f6tuoli ja tarvittavat pesutuotteet.<\/p>\n<\/div>\n\n\n\n<div class=\"wp-block-column has-purple-background-color has-background is-layout-flow wp-block-column-is-layout-flow\">\n<figure class=\"wp-block-image size-full\"><img loading=\"lazy\" decoding=\"async\" width=\"1280\" height=\"852\" src=\"https:\/\/hostedbydaniela.fi\/wp-content\/uploads\/2024\/12\/makijarvi-master-bedroom.jpg\" alt=\"\" class=\"wp-image-4226\" srcset=\"https:\/\/hostedbydaniela.fi\/wp-content\/uploads\/2024\/12\/makijarvi-master-bedroom.jpg 1280w, https:\/\/hostedbydaniela.fi\/wp-content\/uploads\/2024\/12\/makijarvi-master-bedroom-300x200.jpg 300w, https:\/\/hostedbydaniela.fi\/wp-content\/uploads\/2024\/12\/makijarvi-master-bedroom-1024x682.jpg 1024w, https:\/\/hostedbydaniela.fi\/wp-content\/uploads\/2024\/12\/makijarvi-master-bedroom-768x511.jpg 768w\" sizes=\"auto, (max-width: 1280px) 100vw, 1280px\" \/><\/figure>\n\n\n\n<h4 class=\"wp-block-heading has-text-align-left has-yellow-color has-text-color has-link-color wp-elements-736d043fbf072c8033b6a0a629d45247\">Asiakasl\u00e4ht\u00f6isyys<\/h4>\n\n\n\n<p class=\"has-white-color has-text-color has-link-color wp-elements-dc97ae2150dd54598e6c66fec3144dd6\">Pyrimme toteuttamaan asiakkaan kaikki toiveet ja olemme valmiina vastaamaan kysymyksiin sek\u00e4 ratkomaan ongelmia. Tunnemme paikalliset palvelut ja tarjoamme mielell\u00e4mme vinkkej\u00e4 ja tietoa alueen aktiviteeteista ja n\u00e4ht\u00e4vyyksist\u00e4. Olemme asiakkaan tavoitettavissa koko matkan ajan.<\/p>\n<\/div>\n\n\n\n<div class=\"wp-block-column has-purple-background-color has-background is-layout-flow wp-block-column-is-layout-flow\">\n<figure class=\"wp-block-image size-full\"><img loading=\"lazy\" decoding=\"async\" width=\"1920\" height=\"1280\" src=\"https:\/\/hostedbydaniela.fi\/wp-content\/uploads\/2024\/12\/make-wine-and-dine.jpg\" alt=\"\" class=\"wp-image-4219\" srcset=\"https:\/\/hostedbydaniela.fi\/wp-content\/uploads\/2024\/12\/make-wine-and-dine.jpg 1920w, https:\/\/hostedbydaniela.fi\/wp-content\/uploads\/2024\/12\/make-wine-and-dine-300x200.jpg 300w, https:\/\/hostedbydaniela.fi\/wp-content\/uploads\/2024\/12\/make-wine-and-dine-1024x683.jpg 1024w, https:\/\/hostedbydaniela.fi\/wp-content\/uploads\/2024\/12\/make-wine-and-dine-768x512.jpg 768w, https:\/\/hostedbydaniela.fi\/wp-content\/uploads\/2024\/12\/make-wine-and-dine-1536x1024.jpg 1536w\" sizes=\"auto, (max-width: 1920px) 100vw, 1920px\" \/><\/figure>\n\n\n\n<h4 class=\"wp-block-heading has-yellow-color has-text-color has-link-color wp-elements-7a5d9f805cc22d20f3c2b2eddc14386f\">Personoitu majoituskokemus<\/h4>\n\n\n\n<p class=\"nosto-kuva-ja-teksti has-white-color has-text-color has-link-color wp-elements-2daaf308a3a1ba438ac98eb0afda523b\">Jokainen majoituskohde ja palvelut valitaan asiakasryhm\u00e4n toiveiden mukaisesti. Voit varata kohteeseesi esimerkiksi yksityiskokin, p\u00e4ivitt\u00e4isen siivouspalvelun tai ulkovaatteiden toimituksen talviaktiviteetteja varten.<\/p>\n<\/div>\n<\/div>\n<\/div>\n\n\n\n<div class=\"wp-block-cover alignfull has-parallax is-style-default\"><div class=\"wp-block-cover__image-background wp-image-4229 size-full has-parallax\" style=\"background-position:50% 50%;background-image:url(https:\/\/hostedbydaniela.fi\/wp-content\/uploads\/2024\/12\/makijarvi-upper-bedroom.jpg)\"><\/div><span aria-hidden=\"true\" class=\"wp-block-cover__background has-black-background-color has-background-dim-40 has-background-dim\"><\/span><div class=\"wp-block-cover__inner-container is-layout-flow wp-block-cover-is-layout-flow\">\n<div class=\"wp-block-columns is-style-narrow is-layout-flex wp-container-core-columns-is-layout-9d6595d7 wp-block-columns-is-layout-flex\">\n<div class=\"wp-block-column is-layout-flow wp-block-column-is-layout-flow\">\n<h2 class=\"wp-block-heading has-text-align-center has-yellow-color has-text-color has-x-large-font-size\"><strong>Varaa majoitus!<\/strong><\/h2>\n\n\n\n<p class=\"has-text-align-center has-white-color has-text-color has-link-color has-large-font-size wp-elements-efdad420e464dcf3014c41c7528d4273\">Kysy meilt\u00e4 vapaista majoituskohteista matkasi ajalle<\/p>\n\n\n\n<div class=\"wp-block-buttons mb-0 mt-3 is-content-justification-center is-layout-flex wp-container-core-buttons-is-layout-28206b41 wp-block-buttons-is-layout-flex\">\n<div class=\"wp-block-button is-style-fill\"><a class=\"wp-block-button__link wp-element-button\" href=\"https:\/\/hostedbydaniela.fi\/fi\/yhteystiedot\/\">Ota yhteytt\u00e4<\/a><\/div>\n<\/div>\n<\/div>\n<\/div>\n<\/div><\/div>\n","protected":false},"excerpt":{"rendered":"<p>Hosted by Daniela Hosted by Daniela tekee matkastasi ainutlaatuisen. Asiantuntevat VIP-hostimme ja -butlerimme varmistavat, ett\u00e4 lomasi on t\u00e4ynn\u00e4 ikimuistoisia hetki\u00e4! Kohteemme Kohteisiimme lukeutuu laaja valikoima erilaisia kaupunkiasuntoja, luksusm\u00f6kkej\u00e4 ja monia muita majoitusvaihtoehtoja. Laittaessasi kysely\u00e4 majoituksesta, r\u00e4\u00e4t\u00e4l\u00f6imme matkaseurueellesi sopivimman majoitus- ja palvelupaketin. Yksityiskohdat Panostamme tarkkaan valittuihin yksityiskohtiin niin hosting-palveluissamme kuin majoituskohteissamme. Asiakkaamme saavat huippuluokan palvelulua ja [&hellip;]<\/p>\n","protected":false},"author":1,"featured_media":0,"parent":0,"menu_order":1,"comment_status":"closed","ping_status":"closed","template":"","meta":{"_acf_changed":false,"footnotes":""},"class_list":["post-4412","page","type-page","status-publish","hentry"],"acf":[],"aioseo_notices":[],"_links":{"self":[{"href":"https:\/\/hostedbydaniela.fi\/fi\/wp-json\/wp\/v2\/pages\/4412","targetHints":{"allow":["GET"]}}],"collection":[{"href":"https:\/\/hostedbydaniela.fi\/fi\/wp-json\/wp\/v2\/pages"}],"about":[{"href":"https:\/\/hostedbydaniela.fi\/fi\/wp-json\/wp\/v2\/types\/page"}],"author":[{"embeddable":true,"href":"https:\/\/hostedbydaniela.fi\/fi\/wp-json\/wp\/v2\/users\/1"}],"replies":[{"embeddable":true,"href":"https:\/\/hostedbydaniela.fi\/fi\/wp-json\/wp\/v2\/comments?post=4412"}],"version-history":[{"count":0,"href":"https:\/\/hostedbydaniela.fi\/fi\/wp-json\/wp\/v2\/pages\/4412\/revisions"}],"wp:attachment":[{"href":"https:\/\/hostedbydaniela.fi\/fi\/wp-json\/wp\/v2\/media?parent=4412"}],"curies":[{"name":"wp","href":"https:\/\/api.w.org\/{rel}","templated":true}]}}